{"id":209,"date":"2025-12-28T09:58:08","date_gmt":"2025-12-28T09:58:08","guid":{"rendered":"http:\/\/51.178.30.59\/campfoot\/?page_id=209"},"modified":"2025-12-28T22:12:32","modified_gmt":"2025-12-28T22:12:32","slug":"contact","status":"publish","type":"page","link":"https:\/\/nextgensocceracademy.ch\/index.php\/contact\/","title":{"rendered":"Contact"},"content":{"rendered":"\n<div class=\"wpcf7 no-js\" id=\"wpcf7-f212-o1\" lang=\"en-US\" dir=\"ltr\" data-wpcf7-id=\"212\">\n<div class=\"screen-reader-response\"><p role=\"status\" aria-live=\"polite\" aria-atomic=\"true\"><\/p> <ul><\/ul><\/div>\n<form action=\"\/index.php\/wp-json\/wp\/v2\/pages\/209#wpcf7-f212-o1\" method=\"post\" class=\"wpcf7-form init\" aria-label=\"Contact form\" novalidate=\"novalidate\" data-status=\"init\">\n<fieldset class=\"hidden-fields-container\"><input type=\"hidden\" name=\"_wpcf7\" value=\"212\" \/><input type=\"hidden\" name=\"_wpcf7_version\" value=\"6.1.5\" \/><input type=\"hidden\" name=\"_wpcf7_locale\" value=\"en_US\" \/><input type=\"hidden\" name=\"_wpcf7_unit_tag\" value=\"wpcf7-f212-o1\" \/><input type=\"hidden\" name=\"_wpcf7_container_post\" value=\"0\" \/><input type=\"hidden\" name=\"_wpcf7_posted_data_hash\" value=\"\" \/>\n<\/fieldset>\n<div class=\"fc-contact-grid fade-stagger\">\n\n <!-- ? Colonne gauche : Infos -->\n\t<div class=\"fc-contact-info\">\n\t\t<p>Une question, une inscription ou une demande personnalis\u00e9e ? Notre \u00e9quipe se fera un plaisir de te r\u00e9pondre.\n\t\t<\/p>\n\t\t<p><a href=\"mailto:info@nextgensocceracademy.ch\">info@nextgensocceracademy.ch<\/a>\n\t\t<\/p>\n\t\t<p>Nextgen Soccer Academy S\u00e0RL<br \/>\nRue Principale 43<br \/>\n2735 B\u00e9vilard\n\t\t<\/p>\n\t<\/div>\n\n <!-- ? Colonne droite : Formulaire -->\n\t<div class=\"fc-contact-form\">\n\t\t<p><label>Nom *<\/label><br \/>\n<span class=\"wpcf7-form-control-wrap\" data-name=\"your-name\"><input size=\"40\" maxlength=\"400\" class=\"wpcf7-form-control wpcf7-text wpcf7-validates-as-required\" aria-required=\"true\" aria-invalid=\"false\" placeholder=\"Votre nom\" value=\"\" type=\"text\" name=\"your-name\" \/><\/span>\n\t\t<\/p>\n\t\t<p><label>Email *<\/label><br \/>\n<span class=\"wpcf7-form-control-wrap\" data-name=\"your-email\"><input size=\"40\" maxlength=\"400\" class=\"wpcf7-form-control wpcf7-email wpcf7-validates-as-required wpcf7-text wpcf7-validates-as-email\" aria-required=\"true\" aria-invalid=\"false\" placeholder=\"Votre adresse email\" value=\"\" type=\"email\" name=\"your-email\" \/><\/span>\n\t\t<\/p>\n\t\t<p><label>Sujet *<\/label><br \/>\n<span class=\"wpcf7-form-control-wrap\" data-name=\"your-subject\"><input size=\"40\" maxlength=\"400\" class=\"wpcf7-form-control wpcf7-text wpcf7-validates-as-required\" aria-required=\"true\" aria-invalid=\"false\" placeholder=\"Sujet du message\" value=\"\" type=\"text\" name=\"your-subject\" \/><\/span>\n\t\t<\/p>\n\t\t<p><label>Message *<\/label><br \/>\n<span class=\"wpcf7-form-control-wrap\" data-name=\"your-message\"><textarea cols=\"40\" rows=\"10\" maxlength=\"2000\" class=\"wpcf7-form-control wpcf7-textarea wpcf7-validates-as-required\" aria-required=\"true\" aria-invalid=\"false\" placeholder=\"Votre message...\" name=\"your-message\"><\/textarea><\/span>\n\t\t<\/p>\n\t\t<p><label class=\"fc-accept\"><br \/>\n<span class=\"wpcf7-form-control-wrap\" data-name=\"your-consent\"><span class=\"wpcf7-form-control wpcf7-acceptance\"><span class=\"wpcf7-list-item\"><input type=\"checkbox\" name=\"your-consent\" value=\"1\" aria-invalid=\"false\" \/><\/span><\/span><\/span> J\u2019accepte que mes donn\u00e9es soient trait\u00e9es conform\u00e9ment \u00e0 la politique de confidentialit\u00e9.<br \/>\n<\/label>\n\t\t<\/p>\n\t\t<div class=\"fc-contact-submit\">\n\t\t\t<p><input class=\"wpcf7-form-control wpcf7-submit has-spinner\" type=\"submit\" value=\"Envoyer le message\" \/>\n\t\t\t<\/p>\n\t\t<\/div>\n\t<\/div>\n<\/div><div class=\"wpcf7-response-output\" aria-hidden=\"true\"><\/div>\n<\/form>\n<\/div>\n\n\n\n\n<p><\/p>\n","protected":false},"excerpt":{"rendered":"","protected":false},"author":1,"featured_media":80,"parent":0,"menu_order":0,"comment_status":"closed","ping_status":"closed","template":"","meta":{"footnotes":""},"class_list":["post-209","page","type-page","status-publish","has-post-thumbnail","hentry"],"yoast_head":"<!-- This site is optimized with the Yoast SEO plugin v27.1.1 - https:\/\/yoast.com\/product\/yoast-seo-wordpress\/ -->\n<title>Contact - Nextgen Soccer Academy<\/title>\n<meta name=\"robots\" content=\"index, follow, max-snippet:-1, max-image-preview:large, max-video-preview:-1\" \/>\n<link rel=\"canonical\" href=\"https:\/\/nextgensocceracademy.ch\/index.php\/contact\/\" \/>\n<meta property=\"og:locale\" content=\"fr_FR\" \/>\n<meta property=\"og:type\" content=\"article\" \/>\n<meta property=\"og:title\" content=\"Contact - Nextgen Soccer Academy\" \/>\n<meta property=\"og:url\" content=\"https:\/\/nextgensocceracademy.ch\/index.php\/contact\/\" \/>\n<meta property=\"og:site_name\" content=\"Nextgen Soccer Academy\" \/>\n<meta property=\"article:publisher\" content=\"https:\/\/www.facebook.com\/profile.php?id=61586456647746\" \/>\n<meta property=\"article:modified_time\" content=\"2025-12-28T22:12:32+00:00\" \/>\n<meta property=\"og:image\" content=\"https:\/\/nextgensocceracademy.ch\/wp-content\/uploads\/2025\/12\/soccer-team-hands-joining-forming-huddle-on-grass-2025-11-08-22-34-59-utc-1.jpg\" \/>\n\t<meta property=\"og:image:width\" content=\"2000\" \/>\n\t<meta property=\"og:image:height\" content=\"1333\" \/>\n\t<meta property=\"og:image:type\" content=\"image\/jpeg\" \/>\n<meta name=\"twitter:card\" content=\"summary_large_image\" \/>\n<script type=\"application\/ld+json\" class=\"yoast-schema-graph\">{\"@context\":\"https:\/\/schema.org\",\"@graph\":[{\"@type\":\"WebPage\",\"@id\":\"https:\/\/nextgensocceracademy.ch\/index.php\/contact\/\",\"url\":\"https:\/\/nextgensocceracademy.ch\/index.php\/contact\/\",\"name\":\"Contact - Nextgen Soccer Academy\",\"isPartOf\":{\"@id\":\"https:\/\/nextgensocceracademy.ch\/#website\"},\"primaryImageOfPage\":{\"@id\":\"https:\/\/nextgensocceracademy.ch\/index.php\/contact\/#primaryimage\"},\"image\":{\"@id\":\"https:\/\/nextgensocceracademy.ch\/index.php\/contact\/#primaryimage\"},\"thumbnailUrl\":\"https:\/\/nextgensocceracademy.ch\/wp-content\/uploads\/2025\/12\/soccer-team-hands-joining-forming-huddle-on-grass-2025-11-08-22-34-59-utc-1.jpg\",\"datePublished\":\"2025-12-28T09:58:08+00:00\",\"dateModified\":\"2025-12-28T22:12:32+00:00\",\"breadcrumb\":{\"@id\":\"https:\/\/nextgensocceracademy.ch\/index.php\/contact\/#breadcrumb\"},\"inLanguage\":\"fr-FR\",\"potentialAction\":[{\"@type\":\"ReadAction\",\"target\":[\"https:\/\/nextgensocceracademy.ch\/index.php\/contact\/\"]}]},{\"@type\":\"ImageObject\",\"inLanguage\":\"fr-FR\",\"@id\":\"https:\/\/nextgensocceracademy.ch\/index.php\/contact\/#primaryimage\",\"url\":\"https:\/\/nextgensocceracademy.ch\/wp-content\/uploads\/2025\/12\/soccer-team-hands-joining-forming-huddle-on-grass-2025-11-08-22-34-59-utc-1.jpg\",\"contentUrl\":\"https:\/\/nextgensocceracademy.ch\/wp-content\/uploads\/2025\/12\/soccer-team-hands-joining-forming-huddle-on-grass-2025-11-08-22-34-59-utc-1.jpg\",\"width\":2000,\"height\":1333},{\"@type\":\"BreadcrumbList\",\"@id\":\"https:\/\/nextgensocceracademy.ch\/index.php\/contact\/#breadcrumb\",\"itemListElement\":[{\"@type\":\"ListItem\",\"position\":1,\"name\":\"Home\",\"item\":\"https:\/\/nextgensocceracademy.ch\/\"},{\"@type\":\"ListItem\",\"position\":2,\"name\":\"Contact\"}]},{\"@type\":\"WebSite\",\"@id\":\"https:\/\/nextgensocceracademy.ch\/#website\",\"url\":\"https:\/\/nextgensocceracademy.ch\/\",\"name\":\"Nextgen Soccer Academy\",\"description\":\"Camp de foot Jura bernois\",\"publisher\":{\"@id\":\"https:\/\/nextgensocceracademy.ch\/#organization\"},\"alternateName\":\"Camp de foot Jura bernois\",\"potentialAction\":[{\"@type\":\"SearchAction\",\"target\":{\"@type\":\"EntryPoint\",\"urlTemplate\":\"https:\/\/nextgensocceracademy.ch\/?s={search_term_string}\"},\"query-input\":{\"@type\":\"PropertyValueSpecification\",\"valueRequired\":true,\"valueName\":\"search_term_string\"}}],\"inLanguage\":\"fr-FR\"},{\"@type\":\"Organization\",\"@id\":\"https:\/\/nextgensocceracademy.ch\/#organization\",\"name\":\"Nextgen Soccer Academy\",\"alternateName\":\"NGSA\",\"url\":\"https:\/\/nextgensocceracademy.ch\/\",\"logo\":{\"@type\":\"ImageObject\",\"inLanguage\":\"fr-FR\",\"@id\":\"https:\/\/nextgensocceracademy.ch\/#\/schema\/logo\/image\/\",\"url\":\"https:\/\/nextgensocceracademy.ch\/wp-content\/uploads\/2025\/09\/nextgensoccacademy_top.png\",\"contentUrl\":\"https:\/\/nextgensocceracademy.ch\/wp-content\/uploads\/2025\/09\/nextgensoccacademy_top.png\",\"width\":116,\"height\":100,\"caption\":\"Nextgen Soccer Academy\"},\"image\":{\"@id\":\"https:\/\/nextgensocceracademy.ch\/#\/schema\/logo\/image\/\"},\"sameAs\":[\"https:\/\/www.facebook.com\/profile.php?id=61586456647746\"]}]}<\/script>\n<!-- \/ Yoast SEO plugin. -->","yoast_head_json":{"title":"Contact - Nextgen Soccer Academy","robots":{"index":"index","follow":"follow","max-snippet":"max-snippet:-1","max-image-preview":"max-image-preview:large","max-video-preview":"max-video-preview:-1"},"canonical":"https:\/\/nextgensocceracademy.ch\/index.php\/contact\/","og_locale":"fr_FR","og_type":"article","og_title":"Contact - Nextgen Soccer Academy","og_url":"https:\/\/nextgensocceracademy.ch\/index.php\/contact\/","og_site_name":"Nextgen Soccer Academy","article_publisher":"https:\/\/www.facebook.com\/profile.php?id=61586456647746","article_modified_time":"2025-12-28T22:12:32+00:00","og_image":[{"width":2000,"height":1333,"url":"https:\/\/nextgensocceracademy.ch\/wp-content\/uploads\/2025\/12\/soccer-team-hands-joining-forming-huddle-on-grass-2025-11-08-22-34-59-utc-1.jpg","type":"image\/jpeg"}],"twitter_card":"summary_large_image","schema":{"@context":"https:\/\/schema.org","@graph":[{"@type":"WebPage","@id":"https:\/\/nextgensocceracademy.ch\/index.php\/contact\/","url":"https:\/\/nextgensocceracademy.ch\/index.php\/contact\/","name":"Contact - Nextgen Soccer Academy","isPartOf":{"@id":"https:\/\/nextgensocceracademy.ch\/#website"},"primaryImageOfPage":{"@id":"https:\/\/nextgensocceracademy.ch\/index.php\/contact\/#primaryimage"},"image":{"@id":"https:\/\/nextgensocceracademy.ch\/index.php\/contact\/#primaryimage"},"thumbnailUrl":"https:\/\/nextgensocceracademy.ch\/wp-content\/uploads\/2025\/12\/soccer-team-hands-joining-forming-huddle-on-grass-2025-11-08-22-34-59-utc-1.jpg","datePublished":"2025-12-28T09:58:08+00:00","dateModified":"2025-12-28T22:12:32+00:00","breadcrumb":{"@id":"https:\/\/nextgensocceracademy.ch\/index.php\/contact\/#breadcrumb"},"inLanguage":"fr-FR","potentialAction":[{"@type":"ReadAction","target":["https:\/\/nextgensocceracademy.ch\/index.php\/contact\/"]}]},{"@type":"ImageObject","inLanguage":"fr-FR","@id":"https:\/\/nextgensocceracademy.ch\/index.php\/contact\/#primaryimage","url":"https:\/\/nextgensocceracademy.ch\/wp-content\/uploads\/2025\/12\/soccer-team-hands-joining-forming-huddle-on-grass-2025-11-08-22-34-59-utc-1.jpg","contentUrl":"https:\/\/nextgensocceracademy.ch\/wp-content\/uploads\/2025\/12\/soccer-team-hands-joining-forming-huddle-on-grass-2025-11-08-22-34-59-utc-1.jpg","width":2000,"height":1333},{"@type":"BreadcrumbList","@id":"https:\/\/nextgensocceracademy.ch\/index.php\/contact\/#breadcrumb","itemListElement":[{"@type":"ListItem","position":1,"name":"Home","item":"https:\/\/nextgensocceracademy.ch\/"},{"@type":"ListItem","position":2,"name":"Contact"}]},{"@type":"WebSite","@id":"https:\/\/nextgensocceracademy.ch\/#website","url":"https:\/\/nextgensocceracademy.ch\/","name":"Nextgen Soccer Academy","description":"Camp de foot Jura bernois","publisher":{"@id":"https:\/\/nextgensocceracademy.ch\/#organization"},"alternateName":"Camp de foot Jura bernois","potentialAction":[{"@type":"SearchAction","target":{"@type":"EntryPoint","urlTemplate":"https:\/\/nextgensocceracademy.ch\/?s={search_term_string}"},"query-input":{"@type":"PropertyValueSpecification","valueRequired":true,"valueName":"search_term_string"}}],"inLanguage":"fr-FR"},{"@type":"Organization","@id":"https:\/\/nextgensocceracademy.ch\/#organization","name":"Nextgen Soccer Academy","alternateName":"NGSA","url":"https:\/\/nextgensocceracademy.ch\/","logo":{"@type":"ImageObject","inLanguage":"fr-FR","@id":"https:\/\/nextgensocceracademy.ch\/#\/schema\/logo\/image\/","url":"https:\/\/nextgensocceracademy.ch\/wp-content\/uploads\/2025\/09\/nextgensoccacademy_top.png","contentUrl":"https:\/\/nextgensocceracademy.ch\/wp-content\/uploads\/2025\/09\/nextgensoccacademy_top.png","width":116,"height":100,"caption":"Nextgen Soccer Academy"},"image":{"@id":"https:\/\/nextgensocceracademy.ch\/#\/schema\/logo\/image\/"},"sameAs":["https:\/\/www.facebook.com\/profile.php?id=61586456647746"]}]}},"_links":{"self":[{"href":"https:\/\/nextgensocceracademy.ch\/index.php\/wp-json\/wp\/v2\/pages\/209","targetHints":{"allow":["GET"]}}],"collection":[{"href":"https:\/\/nextgensocceracademy.ch\/index.php\/wp-json\/wp\/v2\/pages"}],"about":[{"href":"https:\/\/nextgensocceracademy.ch\/index.php\/wp-json\/wp\/v2\/types\/page"}],"author":[{"embeddable":true,"href":"https:\/\/nextgensocceracademy.ch\/index.php\/wp-json\/wp\/v2\/users\/1"}],"replies":[{"embeddable":true,"href":"https:\/\/nextgensocceracademy.ch\/index.php\/wp-json\/wp\/v2\/comments?post=209"}],"version-history":[{"count":5,"href":"https:\/\/nextgensocceracademy.ch\/index.php\/wp-json\/wp\/v2\/pages\/209\/revisions"}],"predecessor-version":[{"id":219,"href":"https:\/\/nextgensocceracademy.ch\/index.php\/wp-json\/wp\/v2\/pages\/209\/revisions\/219"}],"wp:featuredmedia":[{"embeddable":true,"href":"https:\/\/nextgensocceracademy.ch\/index.php\/wp-json\/wp\/v2\/media\/80"}],"wp:attachment":[{"href":"https:\/\/nextgensocceracademy.ch\/index.php\/wp-json\/wp\/v2\/media?parent=209"}],"curies":[{"name":"wp","href":"https:\/\/api.w.org\/{rel}","templated":true}]}}